{"id":672,"date":"2021-12-10T18:47:02","date_gmt":"2021-12-10T17:47:02","guid":{"rendered":"http:\/\/jetedhumain.fr\/?page_id=672"},"modified":"2023-03-28T00:12:24","modified_gmt":"2023-03-27T22:12:24","slug":"dates-passees","status":"publish","type":"page","link":"https:\/\/jetedhumain.fr\/site\/index.php\/dates-passees\/","title":{"rendered":"Dates pass\u00e9es"},"content":{"rendered":"\n<hr class=\"wp-block-separator\" id=\"block-b0a2717e-6b3b-4ebd-af38-e73828e4e075\"\/>\n\n\n\n<div class=\"wp-block-buttons is-layout-flex wp-block-buttons-is-layout-flex\">\n<div class=\"wp-block-button\"><a class=\"wp-block-button__link has-white-background-color has-text-color has-background wp-element-button\" href=\"http:\/\/jetedhumain.fr\/index.php\/agenda-cirque-hautes-alpes\/\" style=\"color:#ff5757\">Retour agenda<\/a><\/div>\n<\/div>\n\n\n\n<h1 class=\"wp-block-heading\">Agenda <\/h1>\n\n\n\n<h2 class=\"has-text-align-left has-text-color wp-block-heading\" style=\"color:#0071a1\">\/\/ 2022<\/h2>\n\n\n\n<h3 class=\"wp-block-heading\">JUILLET  2022<\/h3>\n\n\n\n<p>27 Juillet\/ <strong><a href=\"\/site\/index.php\/petits-jeux-sans-consequences-en-general\/\">Petits jeux sans cons\u00e9quences (en g\u00e9n\u00e9ral)<\/a><\/strong> \/ Ch\u00e2teau de Montmaur (05) 17h30<\/p>\n\n\n\n<hr class=\"wp-block-separator has-css-opacity is-style-default\"\/>\n\n\n\n<h3 class=\"wp-block-heading\">AOUT  2022<\/h3>\n\n\n\n<p class=\"has-text-color\" style=\"color:#a8a8a8\">3  Aout\/ <strong><a href=\"\/site\/index.php\/petits-jeux-sans-consequences-en-general\/\">Petits jeux sans cons\u00e9quences (en g\u00e9n\u00e9ral)<\/a> + atelier parents-enfants<\/strong> \/St Bonnet en Champsaur(05)> cours de l&rsquo;\u00e9cole, 17h <\/p>\n\n\n\n<p class=\"has-text-color\" style=\"color:#a8a8a8\">15 Aout\/ <strong><a href=\"\/site\/index.php\/petits-jeux-sans-consequences-en-general\/\">Petits jeux sans cons\u00e9quences (en g\u00e9n\u00e9ral)<\/a> + atelier parents-enfants<\/strong> \/Vars(05)<\/p>\n\n\n\n<h3 class=\"wp-block-heading\">SEPTEMBRE  2022<\/h3>\n\n\n\n<p class=\"has-text-color\" style=\"color:#a8a8a8\">25 septembre\/ <strong><a href=\"\/site\/index.php\/petits-jeux-sans-consequences-en-general\/\">Petits jeux sans cons\u00e9quences (en g\u00e9n\u00e9ral)<\/a><\/strong> \/St Pierre d&rsquo;Argen\u00e7on- Festival Buech connection (05)<\/p>\n\n\n\n<h2 class=\"has-text-align-left has-text-color wp-block-heading\" style=\"color:#0071a1\">\/\/ 2021<\/h2>\n\n\n\n<h3 class=\"wp-block-heading\">AOUT  2021<\/h3>\n\n\n\n<p>28  Aout\/ <strong><a href=\"http:\/\/jetedhumain.fr\/index.php\/petits-jeux-sans-consequences-en-general\/\">Petits jeux sans cons\u00e9quences (en g\u00e9n\u00e9ral)<\/a><\/strong> \/ Sigoyer (05)&gt; Les quatre sans cou<\/p>\n\n\n\n<p>19  Aout\/ <strong><a href=\"http:\/\/jetedhumain.fr\/index.php\/petits-jeux-sans-consequences-en-general\/\">Petits jeux sans cons\u00e9quences (en g\u00e9n\u00e9ral)<\/a><\/strong> \/ Gap (05)&gt; Chez Roger<\/p>\n\n\n\n<p>11 Aout\/ <strong><a href=\"http:\/\/jetedhumain.fr\/index.php\/petits-jeux-sans-consequences-en-general\/\">Petits jeux sans cons\u00e9quences (en g\u00e9n\u00e9ral)<\/a><\/strong> \/ Ancelle (05) &gt; Festival l&rsquo;Echo des mots<\/p>\n\n\n\n<p>10 Aout\/ <strong><a href=\"http:\/\/jetedhumain.fr\/index.php\/petits-jeux-sans-consequences-en-general\/\">Petits jeux sans cons\u00e9quences (en g\u00e9n\u00e9ral)<\/a><\/strong> \/ Pont du foss\u00e9 (05) &gt; Festival l&rsquo;Echo des mots<\/p>\n\n\n\n<p>7 Aout\/ <strong><a href=\"http:\/\/jetedhumain.fr\/index.php\/petits-jeux-sans-consequences-en-general\/\">Petits jeux sans cons\u00e9quences (en g\u00e9n\u00e9ral)<\/a><\/strong> \/ Veynes (05) &gt; Festival T&rsquo;es rien sans la Terre<\/p>\n\n\n\n<p>1er Aout\/ <strong><a href=\"http:\/\/jetedhumain.fr\/index.php\/petits-jeux-sans-consequences-en-general\/\">Petits jeux sans cons\u00e9quences (en g\u00e9n\u00e9ral)<\/a><\/strong> \/ Ceillac (05) &gt; Animations estivales (ANNULE)<\/p>\n\n\n\n<hr class=\"wp-block-separator has-css-opacity is-style-default\"\/>\n\n\n\n<h3 class=\"wp-block-heading\">JUILLET  2021<\/h3>\n\n\n\n<p>14 Juillet\/ <strong><a href=\"http:\/\/jetedhumain.fr\/index.php\/petits-jeux-sans-consequences-en-general\/\">Petits jeux sans cons\u00e9quences (en g\u00e9n\u00e9ral)<\/a><\/strong> \/ Reallon (05)&gt; Animations estivales<\/p>\n\n\n\n<p>10 Juillet\/ <strong><a href=\"http:\/\/jetedhumain.fr\/index.php\/petits-jeux-sans-consequences-en-general\/\">Petits jeux sans cons\u00e9quences (en g\u00e9n\u00e9ral)<\/a><\/strong> \/ Gap (05)&gt; Autoproduction<\/p>\n\n\n\n<hr class=\"wp-block-separator has-css-opacity is-style-default\"\/>\n\n\n\n<hr class=\"wp-block-separator has-css-opacity is-style-default\"\/>\n\n\n\n<p><\/p>\n\n\n\n<p><\/p>\n\n\n\n<p><\/p>\n\n\n\n<div class=\"wp-block-buttons is-layout-flex wp-block-buttons-is-layout-flex\"><\/div>\n\n\n\n<h2 class=\"has-text-color wp-block-heading\" style=\"color:#0071a1\">\/\/2020<\/h2>\n\n\n\n<h3 class=\"wp-block-heading\" id=\"block-0e45ddea-1139-410d-a1a0-6473c6e00476\">Ao\u00fbt 2020<\/h3>\n\n\n\n<p id=\"block-8678d52d-7052-40b8-8a9f-cdefeb0b5e1b\">29 Ao\u00fbt \/ <strong><a href=\"http:\/\/jetedhumain.fr\/index.php\/petits-jeux-sans-consequences-en-general\/\">Petits jeux sans cons\u00e9quences (en g\u00e9n\u00e9ral)<\/a><\/strong> \/ Sigoyer (05)<\/p>\n\n\n\n<p id=\"block-171275e1-bd5d-4b3a-94fc-bdf2a0e19a22\">14 Ao\u00fbt \/ <strong><a href=\"http:\/\/jetedhumain.fr\/index.php\/petits-jeux-sans-consequences-en-general\/\">Petits jeux sans cons\u00e9quences (en g\u00e9n\u00e9ral)<\/a><\/strong> \/ Embrun (05)<\/p>\n\n\n\n<p id=\"block-142c7d98-8cf0-429b-9dd1-06e3e1409014\">2 Ao\u00fbt \/ <strong><a href=\"http:\/\/jetedhumain.fr\/index.php\/petits-jeux-sans-consequences-en-general\/\">Petits jeux sans cons\u00e9quences (en g\u00e9n\u00e9ral)<\/a><\/strong> \/ R\u00e9allon (05)<\/p>\n\n\n\n<hr class=\"wp-block-separator has-css-opacity\"\/>\n\n\n\n<h3 class=\"wp-block-heading\" id=\"block-a66b6d22-f2d3-4402-93ba-e709f4a5dfb2\">JUILLET 2020<\/h3>\n\n\n\n<p id=\"block-a100fecd-d969-44b6-a8aa-84d670acbc11\">14 juillet \/ <strong><a href=\"http:\/\/jetedhumain.fr\/index.php\/petits-jeux-sans-consequences-en-general\/\">Petits jeux sans cons\u00e9quences (en g\u00e9n\u00e9ral)<\/a><\/strong> \/ Vars (05)<\/p>\n\n\n\n<hr class=\"wp-block-separator has-css-opacity\"\/>\n\n\n\n<h3 class=\"wp-block-heading\" id=\"block-7c6f1519-206e-4bde-8f12-48f5ae07b768\">JUIN 2020<\/h3>\n\n\n\n<p id=\"block-ff1376e0-8489-4064-a99e-897b4a90272b\">20 juin \/ <strong><a href=\"http:\/\/jetedhumain.fr\/index.php\/petits-jeux-sans-consequences-en-general\/\">Petits jeux sans cons\u00e9quences (en g\u00e9n\u00e9ral)<\/a><\/strong> \/ Festival un chapiteau de rencontres, La Seyne sur Mer (83)<\/p>\n\n\n\n<p id=\"block-4293451f-b2b8-44cc-be6e-25f592785840\">19 juin \/ <strong><a href=\"http:\/\/jetedhumain.fr\/index.php\/petits-jeux-sans-consequences-en-general\/\">Petits jeux sans cons\u00e9quences (en g\u00e9n\u00e9ral)<\/a><\/strong> \/ Festival un chapiteau de rencontres, La Seyne sur Mer (83)<\/p>\n\n\n\n<hr class=\"wp-block-separator\" id=\"block-fc2a870f-214d-4873-af75-1daa5c03cf17\"\/>\n\n\n\n<h3 class=\"wp-block-heading\" id=\"block-07f19796-52ec-4298-bb43-7849f34788c9\">MAI 2020<\/h3>\n\n\n\n<p id=\"block-1b154b3c-d7c4-49b0-8ce5-afc8a84ba03b\">10 mai\/ <strong><a href=\"http:\/\/jetedhumain.fr\/index.php\/petits-jeux-sans-consequences-en-general\/\">Petits jeux sans cons\u00e9quences (en g\u00e9n\u00e9ral)<\/a><\/strong> \/ Biabaux (04)<\/p>\n\n\n\n<hr class=\"wp-block-separator\" id=\"block-9786e405-1e33-44c6-b939-d6e1edb7cd19\"\/>\n","protected":false},"excerpt":{"rendered":"<p>Agenda \/\/ 2022 JUILLET 2022 27 Juillet\/ Petits jeux sans cons\u00e9quences (en g\u00e9n\u00e9ral) \/ Ch\u00e2teau de Montmaur (05) 17h30 AOUT 2022 3 Aout\/ Petits jeux sans cons\u00e9quences (en g\u00e9n\u00e9ral) + atelier parents-enfants \/St Bonnet en Champsaur(05)> cours de l&rsquo;\u00e9cole, 17h 15 Aout\/ Petits jeux sans cons\u00e9quences (en g\u00e9n\u00e9ral) + atelier parents-enfants \/Vars(05) SEPTEMBRE 2022 25 septembre\/ Petits jeux sans cons\u00e9quences (en g\u00e9n\u00e9ral) \/St Pierre d&rsquo;Argen\u00e7on- Festival Buech connection (05) \/\/ 2021 AOUT 2021 28 Aout\/ Petits jeux sans cons\u00e9quences (en g\u00e9n\u00e9ral) \/ Sigoyer (05)&gt; Les quatre sans cou 19 Aout\/ Petits jeux sans cons\u00e9quences (en g\u00e9n\u00e9ral) \/ Gap (05)&gt; Chez Roger 11 Aout\/ Petits jeux sans cons\u00e9quences (en g\u00e9n\u00e9ral) \/ Ancelle (05) &gt; Festival l&rsquo;Echo des mots 10 Aout\/ Petits jeux sans cons\u00e9quences (en g\u00e9n\u00e9ral) \/ Pont du foss\u00e9 (05) &gt; Festival l&rsquo;Echo des mots 7 Aout\/ Petits jeux sans cons\u00e9quences (en g\u00e9n\u00e9ral) \/ Veynes (05) &gt; Festival T&rsquo;es rien&hellip;<\/p>\n<p> <a class=\"more-link\" href=\"https:\/\/jetedhumain.fr\/site\/index.php\/dates-passees\/\">Lire la suite<\/a><\/p>\n","protected":false},"author":2,"featured_media":0,"parent":0,"menu_order":0,"comment_status":"closed","ping_status":"closed","template":"","meta":{"footnotes":""},"class_list":["post-672","page","type-page","status-publish"],"_links":{"self":[{"href":"https:\/\/jetedhumain.fr\/site\/index.php\/wp-json\/wp\/v2\/pages\/672","targetHints":{"allow":["GET"]}}],"collection":[{"href":"https:\/\/jetedhumain.fr\/site\/index.php\/wp-json\/wp\/v2\/pages"}],"about":[{"href":"https:\/\/jetedhumain.fr\/site\/index.php\/wp-json\/wp\/v2\/types\/page"}],"author":[{"embeddable":true,"href":"https:\/\/jetedhumain.fr\/site\/index.php\/wp-json\/wp\/v2\/users\/2"}],"replies":[{"embeddable":true,"href":"https:\/\/jetedhumain.fr\/site\/index.php\/wp-json\/wp\/v2\/comments?post=672"}],"version-history":[{"count":7,"href":"https:\/\/jetedhumain.fr\/site\/index.php\/wp-json\/wp\/v2\/pages\/672\/revisions"}],"predecessor-version":[{"id":772,"href":"https:\/\/jetedhumain.fr\/site\/index.php\/wp-json\/wp\/v2\/pages\/672\/revisions\/772"}],"wp:attachment":[{"href":"https:\/\/jetedhumain.fr\/site\/index.php\/wp-json\/wp\/v2\/media?parent=672"}],"curies":[{"name":"wp","href":"https:\/\/api.w.org\/{rel}","templated":true}]}}