{"id":53,"date":"2019-12-21T13:52:45","date_gmt":"2019-12-21T12:52:45","guid":{"rendered":"http:\/\/jetedhumain.fr\/?page_id=53"},"modified":"2025-08-26T14:04:11","modified_gmt":"2025-08-26T12:04:11","slug":"spectacles","status":"publish","type":"page","link":"https:\/\/jetedhumain.fr\/site\/index.php\/spectacles\/","title":{"rendered":"Spectacles"},"content":{"rendered":"\n<div class=\"wp-block-media-text alignwide is-stacked-on-mobile\" style=\"grid-template-columns:37% auto\"><figure class=\"wp-block-media-text__media\"><img loading=\"lazy\" decoding=\"async\" width=\"724\" height=\"1024\" src=\"https:\/\/jetedhumain.fr\/site\/wp-content\/uploads\/2025\/08\/A4-affiche-724x1024.jpg\" alt=\"\" class=\"wp-image-831 size-full\" srcset=\"https:\/\/jetedhumain.fr\/site\/wp-content\/uploads\/2025\/08\/A4-affiche-724x1024.jpg 724w, https:\/\/jetedhumain.fr\/site\/wp-content\/uploads\/2025\/08\/A4-affiche-212x300.jpg 212w, https:\/\/jetedhumain.fr\/site\/wp-content\/uploads\/2025\/08\/A4-affiche-768x1087.jpg 768w, https:\/\/jetedhumain.fr\/site\/wp-content\/uploads\/2025\/08\/A4-affiche.jpg 848w\" sizes=\"auto, (max-width: 724px) 100vw, 724px\" \/><\/figure><div class=\"wp-block-media-text__content\">\n<h3 class=\"wp-block-heading\" id=\"petits-jeux-sans-consequences\">Petits jeux sans cons\u00e9quences<\/h3>\n\n\n\n<h3 class=\"wp-block-heading\" id=\"en-general\"> (en g\u00e9n\u00e9ral)<\/h3>\n\n\n\n<h4 class=\"wp-block-heading\" id=\"cirque-vivant-de-rue\">Cirque vivant de rue<\/h4>\n\n\n\n<p class=\"has-normal-font-size\"><br>Acrobaties, mains \u00e0 mains, port\u00e9s, jet\u00e9s<br>Jauge moyenne : 400 personnes<br>Tout public <br>Dur\u00e9e 30 minutes (format sc\u00e8ne 7 minutes)<\/p>\n\n\n\n<div class=\"wp-block-button is-style-fill\"><a class=\"wp-block-button__link has-cyan-bluish-gray-background-color has-text-color has-background wp-element-button\" href=\"https:\/\/jetedhumain.fr\/site\/index.php\/petits-jeux-sans-consequences-en-general\/\" style=\"border-radius:50px;color:#000000\">Voir de plus pr\u00e8s<\/a><\/div>\n<\/div><\/div>\n\n\n\n<hr class=\"wp-block-separator has-css-opacity is-style-wide\"\/>\n\n\n\n<hr class=\"wp-block-separator has-css-opacity is-style-wide\"\/>\n\n\n\n<div class=\"wp-block-media-text alignwide is-stacked-on-mobile\" style=\"grid-template-columns:37% auto\"><figure class=\"wp-block-media-text__media\"><img loading=\"lazy\" decoding=\"async\" width=\"300\" height=\"300\" src=\"https:\/\/jetedhumain.fr\/site\/wp-content\/uploads\/2020\/01\/ateliers-parents-enfa-1-300x300.png\" alt=\"\" class=\"wp-image-494 size-full\" srcset=\"https:\/\/jetedhumain.fr\/site\/wp-content\/uploads\/2020\/01\/ateliers-parents-enfa-1-300x300.png 300w, https:\/\/jetedhumain.fr\/site\/wp-content\/uploads\/2020\/01\/ateliers-parents-enfa-1-150x150.png 150w, https:\/\/jetedhumain.fr\/site\/wp-content\/uploads\/2020\/01\/ateliers-parents-enfa-1.png 500w\" sizes=\"auto, (max-width: 300px) 100vw, 300px\" \/><\/figure><div class=\"wp-block-media-text__content\">\n<h2 class=\"wp-block-heading\" id=\"encadrement-d-ateliers\">Encadrement d&rsquo;Ateliers<\/h2>\n\n\n\n<h4 class=\"wp-block-heading\" id=\"portes-parents-enfants\">Port\u00e9s parents\/enfants<\/h4>\n\n\n\n<p class=\"has-normal-font-size\"><br>D\u00e9couverte de port\u00e9s \u00e0 faire avec son enfant encadr\u00e9e par les artistes\u2026<br>Places disponibles par atelier : 12 Duo parents enfants.<br>Tout public : conseill\u00e9 \u00e0 partir de 3 ans<br>Dur\u00e9e : 2 heures maximum.<\/p>\n<\/div><\/div>\n\n\n\n<hr class=\"wp-block-separator has-css-opacity is-style-wide\"\/>\n","protected":false},"excerpt":{"rendered":"<p>Encadrement d&rsquo;Ateliers Port\u00e9s parents\/enfants D\u00e9couverte de port\u00e9s \u00e0 faire avec son enfant encadr\u00e9e par les artistes\u2026Places disponibles par atelier : 12 Duo parents enfants.Tout public : conseill\u00e9 \u00e0 partir de 3 ansDur\u00e9e : 2 heures maximum.<\/p>\n","protected":false},"author":2,"featured_media":0,"parent":0,"menu_order":0,"comment_status":"closed","ping_status":"closed","template":"","meta":{"footnotes":""},"class_list":["post-53","page","type-page","status-publish"],"_links":{"self":[{"href":"https:\/\/jetedhumain.fr\/site\/index.php\/wp-json\/wp\/v2\/pages\/53","targetHints":{"allow":["GET"]}}],"collection":[{"href":"https:\/\/jetedhumain.fr\/site\/index.php\/wp-json\/wp\/v2\/pages"}],"about":[{"href":"https:\/\/jetedhumain.fr\/site\/index.php\/wp-json\/wp\/v2\/types\/page"}],"author":[{"embeddable":true,"href":"https:\/\/jetedhumain.fr\/site\/index.php\/wp-json\/wp\/v2\/users\/2"}],"replies":[{"embeddable":true,"href":"https:\/\/jetedhumain.fr\/site\/index.php\/wp-json\/wp\/v2\/comments?post=53"}],"version-history":[{"count":59,"href":"https:\/\/jetedhumain.fr\/site\/index.php\/wp-json\/wp\/v2\/pages\/53\/revisions"}],"predecessor-version":[{"id":832,"href":"https:\/\/jetedhumain.fr\/site\/index.php\/wp-json\/wp\/v2\/pages\/53\/revisions\/832"}],"wp:attachment":[{"href":"https:\/\/jetedhumain.fr\/site\/index.php\/wp-json\/wp\/v2\/media?parent=53"}],"curies":[{"name":"wp","href":"https:\/\/api.w.org\/{rel}","templated":true}]}}