{"id":446,"date":"2020-01-25T14:45:13","date_gmt":"2020-01-25T13:45:13","guid":{"rendered":"http:\/\/jetedhumain.fr\/?page_id=446"},"modified":"2022-09-16T20:18:21","modified_gmt":"2022-09-16T18:18:21","slug":"petits-jeux-sans-consequences-en-general-scene","status":"publish","type":"page","link":"https:\/\/jetedhumain.fr\/site\/index.php\/petits-jeux-sans-consequences-en-general-scene\/","title":{"rendered":"Petits jeux sans cons\u00e9quences (en g\u00e9n\u00e9ral) sc\u00e8ne"},"content":{"rendered":"\n<div class=\"wp-block-cover has-background-dim\" style=\"min-height:553px;aspect-ratio:unset;\"><img loading=\"lazy\" decoding=\"async\" width=\"2560\" height=\"1920\" class=\"wp-block-cover__image-background wp-image-636\" alt=\"\" src=\"http:\/\/jetedhumain.fr\/wp-content\/uploads\/2021\/11\/DSC00156-scaled.jpg\" data-object-fit=\"cover\" srcset=\"https:\/\/jetedhumain.fr\/site\/wp-content\/uploads\/2021\/11\/DSC00156-scaled.jpg 2560w, https:\/\/jetedhumain.fr\/site\/wp-content\/uploads\/2021\/11\/DSC00156-300x225.jpg 300w, https:\/\/jetedhumain.fr\/site\/wp-content\/uploads\/2021\/11\/DSC00156-1024x768.jpg 1024w, https:\/\/jetedhumain.fr\/site\/wp-content\/uploads\/2021\/11\/DSC00156-768x576.jpg 768w, https:\/\/jetedhumain.fr\/site\/wp-content\/uploads\/2021\/11\/DSC00156-1536x1152.jpg 1536w, https:\/\/jetedhumain.fr\/site\/wp-content\/uploads\/2021\/11\/DSC00156-2048x1536.jpg 2048w\" sizes=\"auto, (max-width: 2560px) 100vw, 2560px\" \/><div class=\"wp-block-cover__inner-container is-layout-flow wp-block-cover-is-layout-flow\">\n<h1 class=\"has-text-color wp-block-heading\" style=\"color:#ff5757\">Spectacle tout public<\/h1>\n\n\n\n<h2 class=\"has-text-color wp-block-heading\" style=\"color:#ff5757\">Petits jeux sans cons\u00e9quences (en g\u00e9n\u00e9ral)<\/h2>\n\n\n\n<h5 class=\"has-text-color wp-block-heading\" style=\"color:#ff5757\">num\u00e9ro pour la sc\u00e8ne<\/h5>\n\n\n\n<p class=\"has-text-color\" style=\"color:#ff5757\">7 minutes<\/p>\n<\/div><\/div>\n\n\n\n<p>Ils s&rsquo;amusaient tranquillement, paisiblement, na\u00efvement&#8230;et la voil\u00e0 qui d\u00e9barque avec toute cette violence, remettant en question leur mode de vie.<\/p>\n\n\n\n<p>Que faire? Entrer dans son jeu tout en sachant qu&rsquo;elle y perdra des plumes, ou trouver une autre voie?<\/p>\n\n\n\n<hr class=\"wp-block-separator is-style-wide\"\/>\n\n\n\n<p class=\"has-text-color\" style=\"color:#ede421\">Un num\u00e9ro rythm\u00e9 et d\u00e9jant\u00e9 sur la vie en collectif, le consensus&#8230;ou pas!<\/p>\n\n\n\n<hr class=\"wp-block-separator is-style-wide\"\/>\n\n\n\n<div class=\"wp-block-image\"><figure class=\"aligncenter size-large is-resized\"><img loading=\"lazy\" decoding=\"async\" src=\"http:\/\/jetedhumain.fr\/wp-content\/uploads\/2021\/11\/DSC00034-1024x768.jpg\" alt=\"\" class=\"wp-image-618\" width=\"145\" height=\"109\" srcset=\"https:\/\/jetedhumain.fr\/site\/wp-content\/uploads\/2021\/11\/DSC00034-1024x768.jpg 1024w, https:\/\/jetedhumain.fr\/site\/wp-content\/uploads\/2021\/11\/DSC00034-300x225.jpg 300w, https:\/\/jetedhumain.fr\/site\/wp-content\/uploads\/2021\/11\/DSC00034-768x576.jpg 768w, https:\/\/jetedhumain.fr\/site\/wp-content\/uploads\/2021\/11\/DSC00034-1536x1152.jpg 1536w, https:\/\/jetedhumain.fr\/site\/wp-content\/uploads\/2021\/11\/DSC00034-2048x1536.jpg 2048w\" sizes=\"auto, (max-width: 145px) 100vw, 145px\" \/><figcaption><strong><a href=\"http:\/\/jetedhumain.fr\/index.php\/petits-jeux-sans-consequences-en-general\/galerie\/\" data-type=\"URL\" data-id=\"http:\/\/jetedhumain.fr\/index.php\/petits-jeux-sans-consequences-en-general\/galerie\/\">Jetez un \u0153il \u00e0 notre galerie !<\/a><\/strong><\/figcaption><\/figure><\/div>\n\n\n\n<hr class=\"wp-block-separator is-style-wide\"\/>\n\n\n\n<hr class=\"wp-block-separator is-style-wide\"\/>\n\n\n\n<h3 class=\"has-text-color wp-block-heading\" style=\"color:#ff5757\">Cot\u00e9 pro<\/h3>\n\n\n\n<div class=\"wp-block-file\"><a href=\"http:\/\/jetedhumain.fr\/wp-content\/uploads\/2020\/02\/Fiche-technique-FINALE-petit-jeu-sans-cons\u00e9quence-en-general.pdf\">Fiche technique FINALE &#8211; petit jeu sans cons\u00e9quence en general<\/a><a href=\"http:\/\/jetedhumain.fr\/wp-content\/uploads\/2020\/02\/Fiche-technique-FINALE-petit-jeu-sans-cons\u00e9quence-en-general.pdf\" class=\"wp-block-file__button\" download>T\u00e9l\u00e9charger<\/a><\/div>\n\n\n\n<p>Contact technique : 06 52 54 50 07<\/p>\n","protected":false},"excerpt":{"rendered":"<p>Ils s&rsquo;amusaient tranquillement, paisiblement, na\u00efvement&#8230;et la voil\u00e0 qui d\u00e9barque avec toute cette violence, remettant en question leur mode de vie. Que faire? Entrer dans son jeu tout en sachant qu&rsquo;elle y perdra des plumes, ou trouver une autre voie? Un num\u00e9ro rythm\u00e9 et d\u00e9jant\u00e9 sur la vie en collectif, le consensus&#8230;ou pas! Cot\u00e9 pro Contact technique : 06 52 54 50 07<\/p>\n","protected":false},"author":2,"featured_media":0,"parent":0,"menu_order":0,"comment_status":"closed","ping_status":"closed","template":"","meta":{"footnotes":""},"class_list":["post-446","page","type-page","status-publish"],"_links":{"self":[{"href":"https:\/\/jetedhumain.fr\/site\/index.php\/wp-json\/wp\/v2\/pages\/446","targetHints":{"allow":["GET"]}}],"collection":[{"href":"https:\/\/jetedhumain.fr\/site\/index.php\/wp-json\/wp\/v2\/pages"}],"about":[{"href":"https:\/\/jetedhumain.fr\/site\/index.php\/wp-json\/wp\/v2\/types\/page"}],"author":[{"embeddable":true,"href":"https:\/\/jetedhumain.fr\/site\/index.php\/wp-json\/wp\/v2\/users\/2"}],"replies":[{"embeddable":true,"href":"https:\/\/jetedhumain.fr\/site\/index.php\/wp-json\/wp\/v2\/comments?post=446"}],"version-history":[{"count":17,"href":"https:\/\/jetedhumain.fr\/site\/index.php\/wp-json\/wp\/v2\/pages\/446\/revisions"}],"predecessor-version":[{"id":640,"href":"https:\/\/jetedhumain.fr\/site\/index.php\/wp-json\/wp\/v2\/pages\/446\/revisions\/640"}],"wp:attachment":[{"href":"https:\/\/jetedhumain.fr\/site\/index.php\/wp-json\/wp\/v2\/media?parent=446"}],"curies":[{"name":"wp","href":"https:\/\/api.w.org\/{rel}","templated":true}]}}