{"id":391,"date":"2020-01-12T10:08:22","date_gmt":"2020-01-12T09:08:22","guid":{"rendered":"http:\/\/jetedhumain.fr\/?page_id=391"},"modified":"2022-09-17T09:13:33","modified_gmt":"2022-09-17T07:13:33","slug":"accueil-2","status":"publish","type":"page","link":"https:\/\/jetedhumain.fr\/site\/","title":{"rendered":"Accueil"},"content":{"rendered":"\n<h1 class=\"wp-block-heading\">Jet\u00e9 d&rsquo;humain et Cie<\/h1>\n\n\n\n<h3 class=\"wp-block-heading\">Cirque vivant <\/h3>\n\n\n\n<hr class=\"wp-block-separator has-css-opacity is-style-wide\"\/>\n\n\n\n<div class=\"wp-block-group\"><div class=\"wp-block-group__inner-container is-layout-flow wp-block-group-is-layout-flow\">\n<div class=\"wp-block-media-text alignwide has-media-on-the-right is-stacked-on-mobile\" style=\"grid-template-columns:auto 48%\"><figure class=\"wp-block-media-text__media\"><img loading=\"lazy\" decoding=\"async\" width=\"768\" height=\"1024\" src=\"\/site\/wp-content\/uploads\/2021\/11\/DSC00123-768x1024.jpg\" alt=\"Deux hommes portant une femme accroupie, bras devant elle, devant un public dans un camping\" class=\"wp-image-648 size-full\" srcset=\"https:\/\/jetedhumain.fr\/site\/wp-content\/uploads\/2021\/11\/DSC00123-768x1024.jpg 768w, https:\/\/jetedhumain.fr\/site\/wp-content\/uploads\/2021\/11\/DSC00123-225x300.jpg 225w, https:\/\/jetedhumain.fr\/site\/wp-content\/uploads\/2021\/11\/DSC00123-1152x1536.jpg 1152w, https:\/\/jetedhumain.fr\/site\/wp-content\/uploads\/2021\/11\/DSC00123-1536x2048.jpg 1536w, https:\/\/jetedhumain.fr\/site\/wp-content\/uploads\/2021\/11\/DSC00123-scaled.jpg 1920w\" sizes=\"auto, (max-width: 768px) 100vw, 768px\" \/><\/figure><div class=\"wp-block-media-text__content\">\n<p class=\"has-large-font-size\">Main \u00e0 main, port\u00e9s, jet\u00e9s\u2026 Avec un s\u00e9rieux d\u00e9sinvolte\u2026<\/p>\n<\/div><\/div>\n<\/div><\/div>\n\n\n\n<hr class=\"wp-block-separator has-css-opacity is-style-wide\"\/>\n\n\n<p><iframe loading=\"lazy\" title=\"Jet\u00e9 d'humain et compagnie | Teaser\" src=\"https:\/\/videos.parleur.net\/videos\/embed\/5ec795bb-7902-47cc-8853-878f5f7ea51e\" sandbox=\"allow-same-origin allow-scripts allow-popups\" allowfullscreen=\"allowfullscreen\" width=\"560\" height=\"315\" frameborder=\"0\"><\/iframe><\/p>","protected":false},"excerpt":{"rendered":"<p>Jet\u00e9 d&rsquo;humain et Cie Cirque vivant Main \u00e0 main, port\u00e9s, jet\u00e9s\u2026 Avec un s\u00e9rieux d\u00e9sinvolte\u2026<\/p>\n","protected":false},"author":2,"featured_media":0,"parent":0,"menu_order":0,"comment_status":"closed","ping_status":"closed","template":"","meta":{"footnotes":""},"class_list":["post-391","page","type-page","status-publish"],"_links":{"self":[{"href":"https:\/\/jetedhumain.fr\/site\/index.php\/wp-json\/wp\/v2\/pages\/391","targetHints":{"allow":["GET"]}}],"collection":[{"href":"https:\/\/jetedhumain.fr\/site\/index.php\/wp-json\/wp\/v2\/pages"}],"about":[{"href":"https:\/\/jetedhumain.fr\/site\/index.php\/wp-json\/wp\/v2\/types\/page"}],"author":[{"embeddable":true,"href":"https:\/\/jetedhumain.fr\/site\/index.php\/wp-json\/wp\/v2\/users\/2"}],"replies":[{"embeddable":true,"href":"https:\/\/jetedhumain.fr\/site\/index.php\/wp-json\/wp\/v2\/comments?post=391"}],"version-history":[{"count":22,"href":"https:\/\/jetedhumain.fr\/site\/index.php\/wp-json\/wp\/v2\/pages\/391\/revisions"}],"predecessor-version":[{"id":743,"href":"https:\/\/jetedhumain.fr\/site\/index.php\/wp-json\/wp\/v2\/pages\/391\/revisions\/743"}],"wp:attachment":[{"href":"https:\/\/jetedhumain.fr\/site\/index.php\/wp-json\/wp\/v2\/media?parent=391"}],"curies":[{"name":"wp","href":"https:\/\/api.w.org\/{rel}","templated":true}]}}