{"id":175,"date":"2019-12-22T19:16:34","date_gmt":"2019-12-22T18:16:34","guid":{"rendered":"http:\/\/jetedhumain.fr\/?page_id=175"},"modified":"2025-10-27T11:41:48","modified_gmt":"2025-10-27T10:41:48","slug":"petits-jeux-sans-consequences-en-general","status":"publish","type":"page","link":"https:\/\/jetedhumain.fr\/site\/index.php\/petits-jeux-sans-consequences-en-general\/","title":{"rendered":"Petits jeux sans cons\u00e9quences (en g\u00e9n\u00e9ral) rue"},"content":{"rendered":"\n<div class=\"wp-block-cover aligncenter\" style=\"min-height:396px;aspect-ratio:unset;\"><img loading=\"lazy\" decoding=\"async\" width=\"768\" height=\"576\" class=\"wp-block-cover__image-background wp-image-641\" alt=\"\" src=\"\/site\/wp-content\/uploads\/2021\/11\/DSC00023-768x576.jpg\" style=\"object-position:35% 71%\" data-object-fit=\"cover\" data-object-position=\"35% 71%\" srcset=\"https:\/\/jetedhumain.fr\/site\/wp-content\/uploads\/2021\/11\/DSC00023-768x576.jpg 768w, https:\/\/jetedhumain.fr\/site\/wp-content\/uploads\/2021\/11\/DSC00023-300x225.jpg 300w, https:\/\/jetedhumain.fr\/site\/wp-content\/uploads\/2021\/11\/DSC00023-1024x768.jpg 1024w, https:\/\/jetedhumain.fr\/site\/wp-content\/uploads\/2021\/11\/DSC00023-1536x1152.jpg 1536w, https:\/\/jetedhumain.fr\/site\/wp-content\/uploads\/2021\/11\/DSC00023-2048x1536.jpg 2048w\" sizes=\"auto, (max-width: 768px) 100vw, 768px\" \/><span aria-hidden=\"true\" class=\"wp-block-cover__background has-background-dim\"><\/span><div class=\"wp-block-cover__inner-container is-layout-flow wp-block-cover-is-layout-flow\">\n<h1 class=\"wp-block-heading has-text-color\" style=\"color:#ff5757\">Petits jeux sans cons\u00e9quences (en g\u00e9n\u00e9ral)<\/h1>\n\n\n\n<h2 class=\"wp-block-heading has-text-color\" style=\"color:#ff5757\">Spectacle tout public<\/h2>\n\n\n\n<h5 class=\"wp-block-heading has-text-color\" style=\"color:#ff5757\">Spectacle de rue<\/h5>\n\n\n\n<p class=\"has-text-color\" style=\"color:#ff5757\">40 minutes<\/p>\n<\/div><\/div>\n\n\n\n<div class=\"wp-block-media-text alignwide is-stacked-on-mobile is-image-fill-element\" style=\"grid-template-columns:44% auto\"><figure class=\"wp-block-media-text__media\"><img loading=\"lazy\" decoding=\"async\" width=\"4896\" height=\"3672\" src=\"\/site\/wp-content\/uploads\/2021\/11\/DSC00100.jpg\" alt=\"\" class=\"wp-image-656 size-full\" style=\"object-position:47% 40%\"\/><\/figure><div class=\"wp-block-media-text__content\">\n<p class=\"has-text-align-center\">Au premier abord, on ne sait pas vraiment si ces trois-l\u00e0 sont sur la m\u00eame longueur d\u2019onde\u2026 ni m\u00eame s\u2019ils sont taill\u00e9s pour faire de la sc\u00e8ne !\u2026 <\/p>\n\n\n\n<p class=\"has-text-align-center\">Pourtant leur volont\u00e9 est claire : divertir le public ! Mais quand chacun a sa propre vision d\u2019un spectacle de qualit\u00e9, comment y parvenir ?<\/p>\n\n\n\n<p><\/p>\n<\/div><\/div>\n\n\n\n<div class=\"wp-block-media-text alignwide has-media-on-the-right is-stacked-on-mobile\" style=\"grid-template-columns:auto 44%\"><div class=\"wp-block-media-text__content\">\n<p class=\"has-text-align-center\"> On a un porteur optimiste un peu trop \u00e9motif, une voltigeuse psychorigide qui garde le cap, un acrobate distrait mais comp\u00e9tent. M\u00e9langez le tout et on obtient un trio vivant, complice et un peu fou.&nbsp; <\/p>\n<\/div><figure class=\"wp-block-media-text__media\"><img loading=\"lazy\" decoding=\"async\" width=\"683\" height=\"1024\" src=\"\/site\/wp-content\/uploads\/2021\/08\/Photos-7-1-683x1024.jpg\" alt=\"\" class=\"wp-image-600 size-full\" srcset=\"https:\/\/jetedhumain.fr\/site\/wp-content\/uploads\/2021\/08\/Photos-7-1-683x1024.jpg 683w, https:\/\/jetedhumain.fr\/site\/wp-content\/uploads\/2021\/08\/Photos-7-1-200x300.jpg 200w, https:\/\/jetedhumain.fr\/site\/wp-content\/uploads\/2021\/08\/Photos-7-1-768x1152.jpg 768w, https:\/\/jetedhumain.fr\/site\/wp-content\/uploads\/2021\/08\/Photos-7-1-1024x1536.jpg 1024w, https:\/\/jetedhumain.fr\/site\/wp-content\/uploads\/2021\/08\/Photos-7-1-1365x2048.jpg 1365w, https:\/\/jetedhumain.fr\/site\/wp-content\/uploads\/2021\/08\/Photos-7-1-scaled.jpg 1707w\" sizes=\"auto, (max-width: 683px) 100vw, 683px\" \/><\/figure><\/div>\n\n\n\n<div class=\"wp-block-media-text alignwide is-stacked-on-mobile\" style=\"grid-template-columns:44% auto\"><figure class=\"wp-block-media-text__media\"><img loading=\"lazy\" decoding=\"async\" width=\"1024\" height=\"727\" src=\"\/site\/wp-content\/uploads\/2021\/11\/DSC09974retouche-1024x727.jpg\" alt=\"\" class=\"wp-image-623 size-full\" srcset=\"https:\/\/jetedhumain.fr\/site\/wp-content\/uploads\/2021\/11\/DSC09974retouche-1024x727.jpg 1024w, https:\/\/jetedhumain.fr\/site\/wp-content\/uploads\/2021\/11\/DSC09974retouche-300x213.jpg 300w, https:\/\/jetedhumain.fr\/site\/wp-content\/uploads\/2021\/11\/DSC09974retouche-768x546.jpg 768w, https:\/\/jetedhumain.fr\/site\/wp-content\/uploads\/2021\/11\/DSC09974retouche-1536x1091.jpg 1536w, https:\/\/jetedhumain.fr\/site\/wp-content\/uploads\/2021\/11\/DSC09974retouche-2048x1455.jpg 2048w\" sizes=\"auto, (max-width: 1024px) 100vw, 1024px\" \/><\/figure><div class=\"wp-block-media-text__content\">\n<p class=\"has-text-align-center\">Et de prises de bec acrobatiques en envol\u00e9es d\u00e9lirantes, ils tissent, \u00e0&nbsp;leur mani\u00e8re, avec un s\u00e9rieux d\u00e9sinvolte et d\u00e9jant\u00e9, un capharna\u00fcm bien orchestr\u00e9 !<\/p>\n\n\n\n<p class=\"has-text-align-center\">Alors, \u00e0 quoi on joue ?!&#8230;<\/p>\n<\/div><\/div>\n\n\n\n<hr class=\"wp-block-separator has-css-opacity is-style-wide\"\/>\n\n\n\n<p class=\"has-text-color\" style=\"color:#ede421;font-size:18px\"><em>\u00ab\u00a0Petits jeux sans cons\u00e9quences (en g\u00e9n\u00e9ral)\u00a0\u00bb<\/em> est un spectacle acrobatique, dr\u00f4le et \u00e9nergique. 30 minutes de r\u00e9gal pour tous les \u00e2ges.<\/p>\n\n\n\n<figure class=\"wp-block-embed is-type-video is-provider-youtube wp-block-embed-youtube wp-embed-aspect-16-9 wp-has-aspect-ratio\"><div class=\"wp-block-embed__wrapper\">\n<iframe loading=\"lazy\" title=\"Teaser &quot;Petits jeux sans cons\u00e9quences (en g\u00e9n\u00e9rale)&quot; de &quot;Jet\u00e9 d&#039;humain et compagnie&quot;\" width=\"800\" height=\"450\" src=\"https:\/\/www.youtube.com\/embed\/AraHb8dlD0w?feature=oembed\" frameborder=\"0\" allow=\"accelerometer; autoplay; clipboard-write; encrypted-media; gyroscope; picture-in-picture; web-share\" referrerpolicy=\"strict-origin-when-cross-origin\" allowfullscreen><\/iframe>\n<\/div><\/figure>\n\n\n\n<hr class=\"wp-block-separator has-css-opacity is-style-wide\"\/>\n\n\n<div class=\"wp-block-image\">\n<figure class=\"aligncenter size-large is-resized\"><img loading=\"lazy\" decoding=\"async\" width=\"1024\" height=\"768\" src=\"\/site\/wp-content\/uploads\/2021\/11\/DSC00034-1024x768.jpg\" alt=\"\" class=\"wp-image-618\" style=\"width:145px;height:109px\" srcset=\"https:\/\/jetedhumain.fr\/site\/wp-content\/uploads\/2021\/11\/DSC00034-1024x768.jpg 1024w, https:\/\/jetedhumain.fr\/site\/wp-content\/uploads\/2021\/11\/DSC00034-300x225.jpg 300w, https:\/\/jetedhumain.fr\/site\/wp-content\/uploads\/2021\/11\/DSC00034-768x576.jpg 768w, https:\/\/jetedhumain.fr\/site\/wp-content\/uploads\/2021\/11\/DSC00034-1536x1152.jpg 1536w, https:\/\/jetedhumain.fr\/site\/wp-content\/uploads\/2021\/11\/DSC00034-2048x1536.jpg 2048w\" sizes=\"auto, (max-width: 1024px) 100vw, 1024px\" \/><figcaption class=\"wp-element-caption\"><strong><a href=\"\/site\/index.php\/petits-jeux-sans-consequences-en-general\/galerie\/\" data-type=\"URL\" data-id=\"\/site\/index.php\/petits-jeux-sans-consequences-en-general\/galerie\/\">Jetez un \u0153il \u00e0 notre galerie !<\/a><\/strong><\/figcaption><\/figure>\n<\/div>\n\n\n<hr class=\"wp-block-separator has-css-opacity is-style-wide\"\/>\n\n\n\n<hr class=\"wp-block-separator has-css-opacity is-style-wide\"\/>\n\n\n\n<p>\u00ab\u00a0Petits jeux sans cons\u00e9quences (en g\u00e9n\u00e9ral)\u00a0\u00bb est un spectacle cr\u00e9e pour la rue mais peut s&rsquo;adapter dans un<a href=\"\/site\/index.php\/espace-pro\/\"> <\/a><a href=\"\/site\/index.php\/petits-jeux-sans-consequences-en-general-scene\/\">format sc\u00e8ne de 7 minutes.<\/a><\/p>\n\n\n\n<hr class=\"wp-block-separator has-css-opacity is-style-wide\"\/>\n\n\n\n<hr class=\"wp-block-separator has-css-opacity is-style-wide\"\/>\n\n\n\n<h2 class=\"wp-block-heading\">Cot\u00e9 pro<\/h2>\n\n\n\n<p>Fiche technique et dossier artistique sur demande \u00e0 <a href=\"mailto:contact@jetedhumain.fr\">contact@jetedhumain.fr<\/a><\/p>\n","protected":false},"excerpt":{"rendered":"<p>Au premier abord, on ne sait pas vraiment si ces trois-l\u00e0 sont sur la m\u00eame longueur d\u2019onde\u2026 ni m\u00eame s\u2019ils sont taill\u00e9s pour faire de la sc\u00e8ne !\u2026 Pourtant leur volont\u00e9 est claire : divertir le public ! Mais quand chacun a sa propre vision d\u2019un spectacle de qualit\u00e9, comment y parvenir ? On a un porteur optimiste un peu trop \u00e9motif, une voltigeuse psychorigide qui garde le cap, un acrobate distrait mais comp\u00e9tent. M\u00e9langez le tout et on obtient un trio vivant, complice et un peu fou.&nbsp; Et de prises de bec acrobatiques en envol\u00e9es d\u00e9lirantes, ils tissent, \u00e0&nbsp;leur mani\u00e8re, avec un s\u00e9rieux d\u00e9sinvolte et d\u00e9jant\u00e9, un capharna\u00fcm bien orchestr\u00e9 ! Alors, \u00e0 quoi on joue ?!&#8230; \u00ab\u00a0Petits jeux sans cons\u00e9quences (en g\u00e9n\u00e9ral)\u00a0\u00bb est un spectacle acrobatique, dr\u00f4le et \u00e9nergique. 30 minutes de r\u00e9gal pour tous les \u00e2ges. \u00ab\u00a0Petits jeux sans cons\u00e9quences (en g\u00e9n\u00e9ral)\u00a0\u00bb est un spectacle cr\u00e9e pour&hellip;<\/p>\n<p> <a class=\"more-link\" href=\"https:\/\/jetedhumain.fr\/site\/index.php\/petits-jeux-sans-consequences-en-general\/\">Lire la suite<\/a><\/p>\n","protected":false},"author":2,"featured_media":0,"parent":0,"menu_order":0,"comment_status":"closed","ping_status":"closed","template":"","meta":{"footnotes":""},"class_list":["post-175","page","type-page","status-publish"],"_links":{"self":[{"href":"https:\/\/jetedhumain.fr\/site\/index.php\/wp-json\/wp\/v2\/pages\/175","targetHints":{"allow":["GET"]}}],"collection":[{"href":"https:\/\/jetedhumain.fr\/site\/index.php\/wp-json\/wp\/v2\/pages"}],"about":[{"href":"https:\/\/jetedhumain.fr\/site\/index.php\/wp-json\/wp\/v2\/types\/page"}],"author":[{"embeddable":true,"href":"https:\/\/jetedhumain.fr\/site\/index.php\/wp-json\/wp\/v2\/users\/2"}],"replies":[{"embeddable":true,"href":"https:\/\/jetedhumain.fr\/site\/index.php\/wp-json\/wp\/v2\/comments?post=175"}],"version-history":[{"count":99,"href":"https:\/\/jetedhumain.fr\/site\/index.php\/wp-json\/wp\/v2\/pages\/175\/revisions"}],"predecessor-version":[{"id":841,"href":"https:\/\/jetedhumain.fr\/site\/index.php\/wp-json\/wp\/v2\/pages\/175\/revisions\/841"}],"wp:attachment":[{"href":"https:\/\/jetedhumain.fr\/site\/index.php\/wp-json\/wp\/v2\/media?parent=175"}],"curies":[{"name":"wp","href":"https:\/\/api.w.org\/{rel}","templated":true}]}}